{"id":4428,"date":"2022-03-26T05:28:43","date_gmt":"2022-03-26T05:28:43","guid":{"rendered":"https:\/\/www.rilco.org\/14congreso\/?page_id=4428"},"modified":"2024-09-30T13:39:31","modified_gmt":"2024-09-30T13:39:31","slug":"registro-de-resumen","status":"publish","type":"page","link":"https:\/\/www.rilco.org\/14congreso\/","title":{"rendered":"Informaci\u00f3n"},"content":{"rendered":"<h1 style=\"text-align: center;\"><a href=\"https:\/\/www.rilco.org\/14congreso\/wp-content\/uploads\/2024\/06\/Convocatoria14Rilco-3.pdf\">Convocatoria<\/a><\/h1>\n<h2 style=\"text-align: center;\"><\/h2>\n<p style=\"text-align: center;\"><div class=\"omsc-toggle\"><div class=\"omsc-toggle-title\">REGISTRO DE RESUMEN<\/div><div class=\"omsc-toggle-inner\"><\/p>\n<p style=\"text-align: center;\"><table class=\"omsc-custom-table omsc-style-1\"><tr><th><\/p>\n<p style=\"text-align: center;\"><a class=\"omsc-button omsc-custom-hover omsc-size-large omsc-style-emboss omsc-text-bright\" href=\"https:\/\/www.rilco.org\/sistema\/index.php\" style=\"background-color:#46D618;border-color:#46D618;color:#ffffff\" data-hover-bg-color=\"#A2D618\" data-hover-border-color=\"#A2D618\">Registrar Resumen<\/a><\/th><\/tr><\/table><\/p>\n<p style=\"text-align: center;\"><\/div><\/div><\/p>\n<p style=\"text-align: center;\"><div class=\"omsc-toggle\"><div class=\"omsc-toggle-title\">CARTAS DE ACEPTACI\u00d3N DE RESUMEN<\/div><div class=\"omsc-toggle-inner\"><\/p>\n<p style=\"text-align: center;\"><table class=\"omsc-custom-table omsc-style-1\"><tr><th><\/p>\n<p style=\"text-align: center;\"><a class=\"omsc-button omsc-custom-hover omsc-size-large omsc-style-emboss omsc-text-bright\" href=\"https:\/\/www.rilco.org\/sistema\/LoginResumenResultado.php\" style=\"background-color:#666F11;border-color:#666F11;color:#ffffff\" data-hover-bg-color=\"#A2D618\" data-hover-border-color=\"#A2D618\">Descargar Carta de Aceptaci\u00f3n<\/a><\/p>\n<p style=\"text-align: center;\"><\/th><\/tr><\/table><\/p>\n<p style=\"text-align: center;\"><\/div><\/div><\/p>\n<p style=\"text-align: center;\"><div class=\"omsc-toggle omsc-expanded\"><div class=\"omsc-toggle-title\">ENV\u00cdO DE EXTENSOS<\/div><div class=\"omsc-toggle-inner\" style=\"display:block\"><\/p>\n<h2><strong>IMPORTANTE<\/strong>. Antes de subir su Extenso, verifique que cumpla con la estructura solicitada en la convocatoria. (Punto 2. Requisitos de participaci\u00f3n), puedes utilizar la plantilla de Word. <a href=\"https:\/\/www.rilco.org\/14congreso\/wp-content\/uploads\/2023\/07\/PlantillaArticulosRILCO.docx\">DESCARGAR PLANTILLA WORD<\/a><\/h2>\n<p style=\"text-align: center;\"><table class=\"omsc-custom-table omsc-style-1\"><tr><th><\/p>\n<p style=\"text-align: center;\"><a class=\"omsc-button omsc-custom-hover omsc-size-large omsc-style-emboss omsc-text-bright\" href=\"https:\/\/www.rilco.org\/sistema\/LoginSubirExtenso.php\" style=\"background-color:#46D618;border-color:#46D618;color:#ffffff\" data-hover-bg-color=\"#A2D618\" data-hover-border-color=\"#A2D618\">Subir Extenso<\/a><\/p>\n<p style=\"text-align: center;\"><\/th><\/tr><\/table><\/p>\n<p style=\"text-align: center;\"><\/div><\/div><\/p>\n<p style=\"text-align: center;\"><div class=\"omsc-toggle omsc-expanded\"><div class=\"omsc-toggle-title\">CARTAS DE APROBACI\u00d3N DE EXTENSOS<\/div><div class=\"omsc-toggle-inner\" style=\"display:block\"><\/p>\n<h2><strong>IMPORTANTE<\/strong>. Usted podr\u00e1 descargar su carta de aprobaci\u00f3n de extenso en cuanto los dos pares ciegos hayan concluido la revisi\u00f3n<\/h2>\n<p style=\"text-align: center;\"><table class=\"omsc-custom-table omsc-style-1\"><tr><th><\/p>\n<p style=\"text-align: center;\"><a class=\"omsc-button omsc-custom-hover omsc-size-large omsc-style-emboss omsc-text-bright\" href=\"https:\/\/rilco.org\/sistema\/LoginCarta.php\" style=\"background-color:#46D618;border-color:#46D618;color:#ffffff\" data-hover-bg-color=\"#A2D618\" data-hover-border-color=\"#A2D618\">Carta de Aceptaci\u00f3n<\/a><\/p>\n<p style=\"text-align: center;\"><\/th><\/tr><\/table><\/p>\n<p style=\"text-align: center;\"><\/div><\/div><\/p>\n<p style=\"text-align: center;\"><div class=\"omsc-toggle omsc-expanded\"><div class=\"omsc-toggle-title\">MODALIDAD PRESENCIAL<\/div><div class=\"omsc-toggle-inner\" style=\"display:block\"><\/p>\n<p style=\"text-align: center;\"><table class=\"omsc-custom-table omsc-style-1\"><tr><th><\/p>\n<p>Esta modalidad se llevar\u00e1 a cabo en las instalaciones de las Unidades Tecnol\u00f3gicas de Santander, Bucaramanga Colombia, los d\u00edas 30 de septiembre al 2 de octubre de 2024, te invitamos a descargar el programa a trav\u00e9s del siguiente enlace, las ponencias en color gris son las presenciales:<\/p>\n<p style=\"text-align: center;\"><a href=\"https:\/\/www.rilco.org\/14congreso\/wp-content\/uploads\/2024\/09\/Progr14CongrRILCO-6.pdf\">Programa<\/a><\/p>\n<p style=\"text-align: center;\"><\/th><\/tr><\/table><\/p>\n<p style=\"text-align: center;\"><\/div><\/div><\/p>\n<p style=\"text-align: center;\"><div class=\"omsc-toggle omsc-expanded\"><div class=\"omsc-toggle-title\">MODALIDAD VIRTUAL SINCRONA<\/div><div class=\"omsc-toggle-inner\" style=\"display:block\"><\/p>\n<p style=\"text-align: center;\"><table class=\"omsc-custom-table omsc-style-1\"><tr><th><\/p>\n<p>Esta modalidad se llevar\u00e1 a cabo a trav\u00e9s de los enlaces que aparecen en el programa publicado en el enlace siguiente:<\/p>\n<p style=\"text-align: center;\"><a href=\"http:\/\/rilco.org\/14congreso\/wp-content\/uploads\/2024\/10\/ProgramaSincrono4.pdf\">Programa<\/a> (actualizado 29-09-24)<\/p>\n<p>Deber\u00e1 ingresar el d\u00eda y la hora en la que su folio se encuentra registrado en el programa para poder presentar su ponencia.<\/p>\n<p>Dudas o aclaraciones al correo rilco_org@rilco.org<\/p>\n<p style=\"text-align: center;\"><\/th><\/tr><\/table><\/p>\n<p style=\"text-align: center;\"><\/div><\/div><\/p>\n<p style=\"text-align: center;\"><div class=\"omsc-toggle omsc-expanded\"><div class=\"omsc-toggle-title\">MODALIDAD VIRTUAL ASINCRONA<\/div><div class=\"omsc-toggle-inner\" style=\"display:block\"><\/p>\n<p style=\"text-align: center;\"><table class=\"omsc-custom-table omsc-style-1\"><tr><th><\/p>\n<p>Esta modalidad se llevar\u00e1 a cabo a trav\u00e9s de la plataforma Moodle de Rilco, por medio del siguiente enlace:<\/p>\n<p style=\"text-align: center;\"><a href=\"https:\/\/rilco.org\/moodle\" target=\"_blank\" rel=\"noopener\">Moodle de RILCO<\/a><\/p>\n<p>El d\u00eda de esta modalidad es el (En espera de informaci\u00f3n), podr\u00e1 participar en el transcurso de ese d\u00eda contestando las preguntas sobre su ponencia y aportando al menos 3 ideas a otras ponencias<\/p>\n<p>El usuario y contrase\u00f1a debi\u00f3 llegarle por correo electr\u00f3nico, en caso de no ser as\u00ed, favor de solicitarlo a rilco_org@rilco.org<\/p>\n<p>Puede descargar el manual de uso de la plataforma a trav\u00e9s del siguiente enlace<\/p>\n<p style=\"text-align: center;\"><a href=\"http:\/\/rilco.org\/14congreso\/wp-content\/uploads\/2024\/10\/Manual14.pdf\" target=\"_blank\" rel=\"noopener\">Descarga el Manual<\/a><\/p>\n<p>Lo invitamos a descargar el programa del evento a trav\u00e9s del siguiente enlace<\/p>\n<p style=\"text-align: center;\"><a href=\"https:\/\/www.rilco.org\/14congreso\/wp-content\/uploads\/2024\/09\/Progr14CongrRILCO-6.pdf\">Programa<\/a><\/p>\n<p style=\"text-align: center;\"><\/th><\/tr><\/table><\/p>\n<p style=\"text-align: center;\"><\/div><\/div><\/p>\n<p style=\"text-align: center;\"><div class=\"omsc-toggle omsc-expanded\"><div class=\"omsc-toggle-title\">COMPROBANTES DE PAGO <\/div><div class=\"omsc-toggle-inner\" style=\"display:block\"><\/p>\n<p style=\"text-align: center;\"><table class=\"omsc-custom-table omsc-style-1\"><tr><th><\/p>\n<p>De clic aqu\u00ed para subir sus comprobantes de pago<\/p>\n<p style=\"text-align: center;\"><a class=\"omsc-button omsc-custom-hover omsc-size-large omsc-style-emboss omsc-text-bright\" href=\"https:\/\/rilco.org\/sistema\/LoginSubirPago.php\" style=\"background-color:#46D618;border-color:#46D618;color:#ffffff\" data-hover-bg-color=\"#A2D618\" data-hover-border-color=\"#A2D618\">Comprobantes de Pago<\/a><\/p>\n<p style=\"text-align: center;\"><\/th><\/tr><\/table><\/p>\n<p style=\"text-align: center;\"><\/div><\/div><\/p>\n<p style=\"text-align: center;\"><div class=\"omsc-toggle omsc-expanded\"><div class=\"omsc-toggle-title\">DESCARGAR CONSTANCIAS ASISTENTE Y PONENTE<\/div><div class=\"omsc-toggle-inner\" style=\"display:block\"><\/p>\n<h2 style=\"text-align: center;\"><strong><span style=\"color: #339966;\">En caso de aclaraci\u00f3n o correcci\u00f3n dirigir un correo a rilco_org@rilco.org<\/span><\/strong><\/h2>\n<p style=\"text-align: center;\"><table class=\"omsc-custom-table omsc-style-1\"><tr><th><\/p>\n<p style=\"text-align: center;\"><a class=\"omsc-button omsc-custom-hover omsc-size-large omsc-style-emboss omsc-text-bright\" href=\"https:\/\/rilco.org\/sistema\/asistente.php\" style=\"background-color:#46D618;border-color:#46D618;color:#ffffff\" data-hover-bg-color=\"#A2D618\" data-hover-border-color=\"#A2D618\">Constancia de Asistente<\/a><\/p>\n<p style=\"text-align: center;\"><\/th><\/tr><tr><th><\/p>\n<p style=\"text-align: center;\"><a class=\"omsc-button omsc-custom-hover omsc-size-large omsc-style-emboss omsc-text-bright\" href=\"https:\/\/rilco.org\/sistema\/ponente.php\" style=\"background-color:#46D618;border-color:#46D618;color:#ffffff\" data-hover-bg-color=\"#A2D618\" data-hover-border-color=\"#A2D618\">Constancia de Ponente<\/a><\/p>\n<p style=\"text-align: center;\"><\/th><\/tr><\/table><\/p>\n<p style=\"text-align: center;\"><\/div><\/div><\/p>\n<h3><span style=\"color: #ffcc00;\">Fechas importantes:<\/span><br \/>\n<strong>Inicio de recepci\u00f3n de res\u00famenes para ponencias: 15 de abril<\/strong><br \/>\n<strong>L\u00edmite de env\u00edo de res\u00famenes para ponencia: 15 de julio<\/strong><br \/>\n<strong>Env\u00edo de cartas de aprobaci\u00f3n de ponencia: 16 de julio<\/strong><br \/>\n<strong>L\u00edmite de env\u00edo de extensos y consentimiento de publicaci\u00f3n: 15 de agosto<\/strong><br \/>\n<strong>Env\u00edo de cartas de aprobaci\u00f3n de publicaci\u00f3n: 30 de agosto<\/strong><br \/>\n<strong>L\u00edmite de pago del congreso (Secci\u00f3n 4 de la convocatoria) 15 septiembre<\/strong><br \/>\n<strong>Fechas del Congreso: 30 sep. a 2 oct.<\/strong><\/h3>\n","protected":false},"excerpt":{"rendered":"<p>Convocatoria Fechas importantes: Inicio de recepci\u00f3n de res\u00famenes para ponencias: 15 de abril L\u00edmite de env\u00edo de res\u00famenes para ponencia: 15 de julio Env\u00edo de cartas de aprobaci\u00f3n de ponencia: 16 de julio L\u00edmite de env\u00edo de extensos y consentimiento de publicaci\u00f3n: 15 de agosto Env\u00edo de cartas de aprobaci\u00f3n de publicaci\u00f3n: 30 de agosto [&hellip;]<\/p>\n","protected":false},"author":1,"featured_media":0,"parent":0,"menu_order":0,"comment_status":"closed","ping_status":"closed","template":"","meta":{"footnotes":""},"class_list":["post-4428","page","type-page","status-publish","hentry","post"],"_links":{"self":[{"href":"https:\/\/www.rilco.org\/14congreso\/wp-json\/wp\/v2\/pages\/4428"}],"collection":[{"href":"https:\/\/www.rilco.org\/14congreso\/wp-json\/wp\/v2\/pages"}],"about":[{"href":"https:\/\/www.rilco.org\/14congreso\/wp-json\/wp\/v2\/types\/page"}],"author":[{"embeddable":true,"href":"https:\/\/www.rilco.org\/14congreso\/wp-json\/wp\/v2\/users\/1"}],"replies":[{"embeddable":true,"href":"https:\/\/www.rilco.org\/14congreso\/wp-json\/wp\/v2\/comments?post=4428"}],"version-history":[{"count":198,"href":"https:\/\/www.rilco.org\/14congreso\/wp-json\/wp\/v2\/pages\/4428\/revisions"}],"predecessor-version":[{"id":4783,"href":"https:\/\/www.rilco.org\/14congreso\/wp-json\/wp\/v2\/pages\/4428\/revisions\/4783"}],"wp:attachment":[{"href":"https:\/\/www.rilco.org\/14congreso\/wp-json\/wp\/v2\/media?parent=4428"}],"curies":[{"name":"wp","href":"https:\/\/api.w.org\/{rel}","templated":true}]}}