{"id":4054,"date":"2021-03-22T05:40:36","date_gmt":"2021-03-22T05:40:36","guid":{"rendered":"http:\/\/www.rilco.org.mx\/11congreso\/?page_id=4054"},"modified":"2021-11-08T20:42:17","modified_gmt":"2021-11-08T20:42:17","slug":"fechas-importantes","status":"publish","type":"page","link":"http:\/\/www.rilco.org\/11congreso\/","title":{"rendered":"Fechas importantes"},"content":{"rendered":"<div class=\"page\" title=\"Page 2\">\n<div class=\"layoutArea\">\n<div class=\"column\">\n<div class=\"page\" title=\"Page 2\">\n<div class=\"layoutArea\">\n<div class=\"column\">\n<h5 style=\"text-align: center;\"><div class=\"omsc-infobox\" style=\"background:#c5d664;border-color:#c5d664;color:#000000\">DESCARGAR CONSTANCIAS DE PONENTE Y ASISTENTE<\/div><\/h5>\n<\/div>\n<div class=\"column\" style=\"text-align: center;\">\n<p><a class=\"omsc-button omsc-custom-hover omsc-size-large omsc-style-emboss omsc-text-dark\" href=\"https:\/\/www.rilco.org\/11congreso\/PDF\/ponente.php\" style=\"background-color:#81d742;border-color:#81d742;color:#4f4f4f\" data-hover-bg-color=\"#727272\" data-hover-text-color=\"#e0e0e0\" data-hover-border-color=\"#727272\">CONSTANCIA DE PONENTE<\/a>\u00a0 \u00a0 \u00a0 \u00a0 \u00a0 \u00a0 \u00a0 <a class=\"omsc-button omsc-custom-hover omsc-size-large omsc-style-emboss omsc-text-bright\" href=\"https:\/\/www.rilco.org\/11congreso\/PDF\/asistente.php\" style=\"background-color:#727272;border-color:#727272;color:#e0e0e0\" data-hover-bg-color=\"#81d742\" data-hover-text-color=\"#4f4f4f\" data-hover-border-color=\"#81d742\">CONSTANCIA DE ASISTENTE<\/a>\u00a0<\/p>\n<p><span style=\"font-size: inherit;\"><div class=\"omsc-accordion\"><\/span><\/p>\n<\/div>\n<\/div>\n<\/div>\n<div class=\"omsc-toggle\"><div class=\"omsc-toggle-title\">PROGRAMA GENERAL DEL EVENTO<\/div><div class=\"omsc-toggle-inner\"><\/p>\n<p><div class=\"ctsc-animation ctsc-animation ctsc-animation-zoomin\" data-delay=\"200\">\n<h2 style=\"text-align: center;\"><strong>XI CONGRESO INTERNACIONAL EN COMPETITIVIDAD ORGANIZACIONAL<\/strong><\/h2>\n<h4 style=\"text-align: center;\">LINK DEL EVENTO: <a href=\"https:\/\/videoconferencia.telmex.com\/j\/1234940763\">https:\/\/videoconferencia.telmex.com\/j\/1234940763<\/a><\/h4>\n<\/div><\/p>\n<p><div class=\"ctsc-slideshow   ctsc-animation ctsc-animation-slideright\" style=\"\"><div class=\"ctsc-slideshow-slides cycle-slideshow\"  style=\"\" data-cycle-slides=\".ctsc-slideshow-slide\" data-cycle-prev=\".ctsc-slideshow-prev\" data-cycle-next=\".ctsc-slideshow-next\" data-cycle-pager=\".ctsc-slideshow-pages\"  data-cycle-fx = \"fade\" data-cycle-speed = \"800\" data-cycle-timeout = \"6000\">\n<p style=\"text-align: center;\"><table class=\"omsc-custom-table omsc-style-1\"><tr><th><\/p>\n<p style=\"text-align: center;\">PROGRAMA DE TRABAJO<\/p>\n<h2 style=\"text-align: center;\"><span style=\"color: #3366ff;\"><a href=\"http:\/\/www.rilco.org\/11congreso\/wp-content\/uploads\/2021\/10\/ProgramRILCO11Congreso1910.pdf\">DESCARGAR<\/a><\/span><\/h2>\n<p style=\"text-align: center;\"><a href=\"http:\/\/www.rilco.org\/11congreso\/wp-content\/uploads\/2021\/10\/ProgramRILCO11Congreso1910.pdf\"><img loading=\"lazy\" class=\"alignnone  wp-image-4354\" src=\"http:\/\/www.rilco.org\/11congreso\/wp-content\/uploads\/2021\/10\/Captura-de-Pantalla-2021-10-16-a-las-11.41.20.png\" alt=\"\" width=\"209\" height=\"269\" srcset=\"http:\/\/www.rilco.org\/11congreso\/wp-content\/uploads\/2021\/10\/Captura-de-Pantalla-2021-10-16-a-las-11.41.20.png 466w, http:\/\/www.rilco.org\/11congreso\/wp-content\/uploads\/2021\/10\/Captura-de-Pantalla-2021-10-16-a-las-11.41.20-234x300.png 234w\" sizes=\"(max-width: 209px) 100vw, 209px\" \/><\/a><\/p>\n<p style=\"text-align: center;\">(\u00daltima actualizaci\u00f3n 16 de octubre 2021)<\/p>\n<p><\/th><th><\/p>\n<p style=\"text-align: center;\">\u00a0<\/p>\n<p style=\"text-align: center;\">PLANTILLA POWER POINT PARA PRESENTACI\u00d3N<\/p>\n<p><a href=\"https:\/\/www.rilco.org\/11congreso\/wp-content\/uploads\/2021\/10\/plantilla.pptx\"><img loading=\"lazy\" class=\"aligncenter\" src=\"https:\/\/upload.wikimedia.org\/wikipedia\/commons\/thumb\/0\/0d\/Microsoft_Office_PowerPoint_%282019%E2%80%93present%29.svg\/1200px-Microsoft_Office_PowerPoint_%282019%E2%80%93present%29.svg.png\" alt=\"Microsoft PowerPoint - Wikipedia, la enciclopedia libre\" width=\"120\" height=\"112\" \/><\/a><\/p>\n<p>\u00a0<\/p>\n<p><\/th><\/tr><\/table><\/p>\n<\/div><\/div><\/p>\n<p><\/div><\/div>\n<\/div>\n<\/div>\n<\/div>\n<div class=\"omsc-toggle\"><div class=\"omsc-toggle-title\">SUBIR COMPROBANTE DE PAGO POR PONENCIA<\/div><div class=\"omsc-toggle-inner\"><\/p>\n<p style=\"text-align: left;\">Estimado participante, si realizaste tu pago a trav\u00e9s de Paypal, transferencia bancaria o con dep\u00f3sito en ventanilla, a continuaci\u00f3n puedes subir el comprobante de pago por ponencia.<\/p>\n<p><div role=\"form\" class=\"wpcf7\" id=\"wpcf7-f2011-o1\" lang=\"es-ES\" dir=\"ltr\">\n<div class=\"screen-reader-response\"><p role=\"status\" aria-live=\"polite\" aria-atomic=\"true\"><\/p> <ul><\/ul><\/div>\n<form action=\"\/11congreso\/wp-json\/wp\/v2\/pages\/4054#wpcf7-f2011-o1\" method=\"post\" class=\"wpcf7-form init\" enctype=\"multipart\/form-data\" novalidate=\"novalidate\" data-status=\"init\">\n<div style=\"display: none;\">\n<input type=\"hidden\" name=\"_wpcf7\" value=\"2011\" \/>\n<input type=\"hidden\" name=\"_wpcf7_version\" value=\"5.6.3\" \/>\n<input type=\"hidden\" name=\"_wpcf7_locale\" value=\"es_ES\" \/>\n<input type=\"hidden\" name=\"_wpcf7_unit_tag\" value=\"wpcf7-f2011-o1\" \/>\n<input type=\"hidden\" name=\"_wpcf7_container_post\" value=\"0\" \/>\n<input type=\"hidden\" name=\"_wpcf7_posted_data_hash\" value=\"\" \/>\n<\/div>\n<p><label> * Escribe tu n\u00famero de FOLIO:<br \/>\n    <span class=\"wpcf7-form-control-wrap\" data-name=\"your-name\"><input type=\"text\" name=\"your-name\" value=\"\" size=\"40\" class=\"wpcf7-form-control wpcf7-text wpcf7-validates-as-required\" aria-required=\"true\" aria-invalid=\"false\" placeholder=\"FOLIO\" \/><\/span> <\/label><\/p>\n<p><label> * Correo electr\u00f3nico:<br \/>\n    <span class=\"wpcf7-form-control-wrap\" data-name=\"your-email\"><input type=\"email\" name=\"your-email\" value=\"\" size=\"40\" class=\"wpcf7-form-control wpcf7-text wpcf7-email wpcf7-validates-as-required wpcf7-validates-as-email\" aria-required=\"true\" aria-invalid=\"false\" \/><\/span> <\/label><\/p>\n<p><br><label> * Cargar comprobante de PAGO. Tama\u00f1o m\u00e1ximo [2MB], Tipo de archivo permitido [.pdf|.PDF]<\/p>\n<p><span class=\"wpcf7-form-control-wrap\" data-name=\"file-20\"><input type=\"file\" name=\"file-20\" size=\"40\" class=\"wpcf7-form-control wpcf7-file wpcf7-validates-as-required\" id=\"pago\" accept=\".pdf\" aria-required=\"true\" aria-invalid=\"false\" \/><\/span><\/p>\n<p><br><label> Todos los campos con (*) son obligatorios.<\/p>\n<p><input type=\"submit\" value=\"Enviar comprobante de Pago\" class=\"wpcf7-form-control has-spinner wpcf7-submit\" \/><\/p>\n<div class=\"wpcf7-response-output\" aria-hidden=\"true\"><\/div><\/form><\/div><\/p>\n<p><\/div><\/div>\n<div class=\"omsc-toggle\"><div class=\"omsc-toggle-title\">Cartas de aceptaci\u00f3n de art\u00edculos en extenso<\/div><div class=\"omsc-toggle-inner\"><\/p>\n<h3 style=\"text-align: center;\"><strong><span style=\"color: #ff0000;\">IMPORTANTE<\/span><\/strong><\/h3>\n<h4 style=\"text-align: center;\"><strong><span style=\"color: #ff0000;\">Las cartas de aceptaci\u00f3n de art\u00edculos en extenso, est\u00e1n siendo enviadas v\u00eda correo electr\u00f3nico al autor de cada ponencia.<\/span><\/strong><\/h4>\n<p><\/div><\/div>\n<div class=\"omsc-toggle\"><div class=\"omsc-toggle-title\">Carta de aceptaci\u00f3n de resumen<\/div><div class=\"omsc-toggle-inner\"><\/p>\n<h3 style=\"text-align: center;\">Descargar carta de aceptaci\u00f3n de resumen<\/h3>\n<p style=\"text-align: center;\"><a class=\"omsc-button omsc-custom-hover omsc-size-large omsc-style-emboss omsc-text-bright\" href=\"https:\/\/www.rilco.org\/sistema\/LoginResumenResultado.php\" style=\"background-color:#c5d226;border-color:#c5d226;color:#ffffff\" data-hover-bg-color=\"#1e73be\" data-hover-border-color=\"#1e73be\">Descargar aceptaci\u00f3n<\/a><\/p>\n<p style=\"text-align: center;\">Si tu resumen presenta observaciones, puedes actualizar tu informaci\u00f3n.<\/p>\n<p style=\"text-align: center;\"><a class=\"omsc-button omsc-custom-hover omsc-size-large omsc-style-emboss omsc-text-bright\" href=\"http:\/\/www.rilco.org\/sistema\/\" style=\"background-color:#1e73be;border-color:#1e73be;color:#ffffff\" data-hover-bg-color=\"#1e73be\" data-hover-border-color=\"#1e73be\">Actualizar resumen<\/a><\/div><\/div>\n<p style=\"text-align: left;\"><div class=\"omsc-toggle\"><div class=\"omsc-toggle-title\">Env\u00edo de art\u00edculos<\/div><div class=\"omsc-toggle-inner\"><\/p>\n<h3 style=\"text-align: center;\">Subir art\u00edculo en extenso. <span style=\"color: #ff0000;\">(Pr\u00f3rroga hasta el 15 de julio)<\/span><\/h3>\n<p style=\"text-align: center;\"><a class=\"omsc-button omsc-custom-hover omsc-size-large omsc-style-emboss omsc-text-bright\" href=\"https:\/\/www.rilco.org\/sistema\/LoginSubirExtenso.php\" style=\"background-color:#1e73be;border-color:#1e73be;color:#ffffff\" data-hover-bg-color=\"#1e73be\" data-hover-border-color=\"#1e73be\">Subir art\u00edculo<\/a><\/p>\n<p><\/div><\/div><\/p>\n<div class=\"omsc-toggle\"><div class=\"omsc-toggle-title\">Estructura de art\u00edculo<\/div><div class=\"omsc-toggle-inner\"><\/p>\n<h4 style=\"text-align: center;\"><span style=\"color: #ff0000;\">AVISO\u00a0<div class=\"omsc-infobox\" style=\"background:#c5d664;border-color:#c5d664;color:#000000\"><\/span><a href=\"https:\/\/www.rilco.org\/sistema\/LoginResumenResultado.php\">Descargar carta de aceptaci\u00f3n de resumen<\/a><span style=\"color: #ff0000;\"><\/div><\/span><\/h4>\n<h4 style=\"text-align: center;\"><span style=\"color: #ff0000;\"><a href=\"https:\/\/www.rilco.org\/sistema\/LoginSubirExtenso.php\">Subir art\u00edculo de investigaci\u00f3n en extenso<\/a>\u00a0(pr\u00f3rroga hasta el 15 de julio)<\/span><\/h4>\n<p>Para subir correctamente tu art\u00edculo, revisa las caracter\u00edsticas que debe cumplir:<\/p>\n<div class=\"page\" title=\"Page 2\">\n<div class=\"layoutArea\">\n<div class=\"column\">\n<p><strong>REQUISITOS<\/strong><\/p>\n<p>El documento deber\u00e1 tener una extensi\u00f3n de entre 8 y 15 p\u00e1ginas, estar con letra Arial con interlineado 1.5, Margen del documento 2,5 superior e inferior. Izquierdo y derecho 3,0, y los tama\u00f1os de letra, may\u00fasculas y min\u00fasculas y alineaci\u00f3n como se indica a continuaci\u00f3n.<\/p>\n<p><strong>T\u00edtulo del documento:<\/strong><br \/>En la primera p\u00e1gina colocar el t\u00edtulo del trabajo en may\u00fasculas sostenidas y negritas (que no exceda de 14 palabras) en Arial 12. Centrado. En espa\u00f1ol o portugu\u00e9s e ingl\u00e9s.<\/p>\n<p><strong>Autores:<\/strong><br \/>Luego en Arial 8 el nombre y apellido del autor (m\u00e1ximo 3 autores). Alineado a la derecha indicando en nota al pie de p\u00e1gina, indicando profesi\u00f3n, universidad donde labora y correo electr\u00f3nico del respectivo autor.<\/p>\n<p><strong>Contenido del documento desde el resumen a conclusiones:<\/strong><br \/>A partir del resumen, todo el documento usar\u00e1 el tipo de fuente Arial 10 y contendr\u00e1 las siguientes secciones:<\/p>\n<p>Resumen espa\u00f1ol o portugu\u00e9s (m\u00e1ximo 250 palabras) Palabras clave (3 a 5 palabras)<br \/>Abstract<br \/>Keywords<br \/>Introducci\u00f3n (debe contener al menos la intensi\u00f3n (el problema) y el objetivo) Metodolog\u00eda o M\u00e9todo<br \/>Resultados<br \/>Discusi\u00f3n<br \/>Conclusi\u00f3n<br \/>Referencias (Exclusivamente las citadas en el texto en formato APA) Anexos (si fuese el caso)<\/p>\n<p>T\u00edtulo secundario (Resumen; Introducci\u00f3n; M\u00e9todo&#8230;; Conclusi\u00f3n; Referencias) May\u00fascula sostenida y negrita. Arial 10, Alineaci\u00f3n izquierda.<\/p>\n<p>T\u00edtulo de tercer nivel: La primera letra en may\u00fascula luego todo en min\u00fascula. Negrita. Arial 10. Alineado a la izquierda<\/p>\n<p>T\u00edtulo de cuarto nivel: La primera letra en may\u00fascula luego todo en min\u00fascula. Arial 10. Alineado a la izquierda.<\/p>\n<\/div>\n<\/div>\n<\/div>\n<div class=\"page\" title=\"Page 2\">\n<div class=\"layoutArea\">\n<div class=\"column\">\n<p><\/div><\/div>\n<p><\/div><\/p>\n<\/div>\n<\/div>\n<\/div>\n\n\n<p style=\"font-size:19px\">Fechas del Congreso: <strong>18, 19 y 20 de octubre del 2021<\/strong><\/p>\n\n\n\n<p><\/p>\n\n\n\n<p><\/p>\n\n\n\n<p><\/p>\n\n\n\n<p><\/p>\n\n\n\n<p><\/p>\n\n\n\n<div class=\"wp-block-image\"><figure class=\"aligncenter size-large is-resized\"><img loading=\"lazy\" src=\"http:\/\/www.rilco.org.mx\/11congreso\/wp-content\/uploads\/2021\/03\/11cong-1024x219.png\" alt=\"\" class=\"wp-image-4060\" width=\"784\" height=\"167\" srcset=\"http:\/\/www.rilco.org\/11congreso\/wp-content\/uploads\/2021\/03\/11cong-1024x219.png 1024w, http:\/\/www.rilco.org\/11congreso\/wp-content\/uploads\/2021\/03\/11cong-300x64.png 300w, http:\/\/www.rilco.org\/11congreso\/wp-content\/uploads\/2021\/03\/11cong-768x164.png 768w, http:\/\/www.rilco.org\/11congreso\/wp-content\/uploads\/2021\/03\/11cong.png 1442w\" sizes=\"(max-width: 784px) 100vw, 784px\" \/><\/figure><\/div>\n","protected":false},"excerpt":{"rendered":"<p>\u00a0 \u00a0 \u00a0 \u00a0 \u00a0 \u00a0 \u00a0 \u00a0 Fechas del Congreso: 18, 19 y 20 de octubre del 2021<\/p>\n","protected":false},"author":1,"featured_media":0,"parent":0,"menu_order":0,"comment_status":"closed","ping_status":"closed","template":"","meta":[],"_links":{"self":[{"href":"http:\/\/www.rilco.org\/11congreso\/wp-json\/wp\/v2\/pages\/4054"}],"collection":[{"href":"http:\/\/www.rilco.org\/11congreso\/wp-json\/wp\/v2\/pages"}],"about":[{"href":"http:\/\/www.rilco.org\/11congreso\/wp-json\/wp\/v2\/types\/page"}],"author":[{"embeddable":true,"href":"http:\/\/www.rilco.org\/11congreso\/wp-json\/wp\/v2\/users\/1"}],"replies":[{"embeddable":true,"href":"http:\/\/www.rilco.org\/11congreso\/wp-json\/wp\/v2\/comments?post=4054"}],"version-history":[{"count":131,"href":"http:\/\/www.rilco.org\/11congreso\/wp-json\/wp\/v2\/pages\/4054\/revisions"}],"predecessor-version":[{"id":4409,"href":"http:\/\/www.rilco.org\/11congreso\/wp-json\/wp\/v2\/pages\/4054\/revisions\/4409"}],"wp:attachment":[{"href":"http:\/\/www.rilco.org\/11congreso\/wp-json\/wp\/v2\/media?parent=4054"}],"curies":[{"name":"wp","href":"https:\/\/api.w.org\/{rel}","templated":true}]}}